{"id":5886,"date":"2024-08-26T14:33:03","date_gmt":"2024-08-26T14:33:03","guid":{"rendered":"https:\/\/sylq.io\/?page_id=5886"},"modified":"2024-08-26T14:39:59","modified_gmt":"2024-08-26T14:39:59","slug":"developpeur-microsoft-dynamics-nav","status":"publish","type":"page","link":"https:\/\/sylq.io\/fr\/carrieres\/developpeur-microsoft-dynamics-nav\/","title":{"rendered":"D\u00e9veloppeur Microsoft Dynamics NAV"},"content":{"rendered":"\t\t<div data-elementor-type=\"wp-page\" data-elementor-id=\"5886\" class=\"elementor elementor-5886\">\n\t\t\t\t<div class=\"elementor-element elementor-element-cfbb8c6 e-flex e-con-boxed e-con e-parent\" data-id=\"cfbb8c6\" data-element_type=\"container\" data-settings=\"{&quot;jet_parallax_layout_list&quot;:[]}\">\n\t\t\t\t\t<div class=\"e-con-inner\">\n\t\t\t\t<div class=\"elementor-element elementor-element-9b90218 elementor-widget__width-initial elementor-widget elementor-widget-image\" data-id=\"9b90218\" data-element_type=\"widget\" data-widget_type=\"image.default\">\n\t\t\t\t<div class=\"elementor-widget-container\">\n\t\t\t\t\t\t\t\t\t\t\t\t\t\t\t<img fetchpriority=\"high\" decoding=\"async\" width=\"460\" height=\"230\" src=\"https:\/\/sylq.io\/wp-content\/uploads\/2023\/01\/cropped-logo-font-1.png\" class=\"attachment-large size-large wp-image-2485\" alt=\"\" \/>\t\t\t\t\t\t\t\t\t\t\t\t\t\t\t<\/div>\n\t\t\t\t<\/div>\n\t\t\t\t<div class=\"elementor-element elementor-element-cd4aa33 elementor-widget elementor-widget-heading\" data-id=\"cd4aa33\" data-element_type=\"widget\" data-widget_type=\"heading.default\">\n\t\t\t\t<div class=\"elementor-widget-container\">\n\t\t\t\t\t<h1 class=\"elementor-heading-title elementor-size-default\">D\u00e9veloppeur Microsoft Dynamics NAV \/ Business Central F\/H<\/h1>\t\t\t\t<\/div>\n\t\t\t\t<\/div>\n\t\t\t\t<div class=\"elementor-element elementor-element-9b54ff9 elementor-widget elementor-widget-text-editor\" data-id=\"9b54ff9\" data-element_type=\"widget\" data-widget_type=\"text-editor.default\">\n\t\t\t\t<div class=\"elementor-widget-container\">\n\t\t\t\t\t\t\t\t\t<p><strong>Sur site<\/strong> \u2022 Temps plein<\/p>\t\t\t\t\t\t\t\t<\/div>\n\t\t\t\t<\/div>\n\t\t\t\t\t<\/div>\n\t\t\t\t<\/div>\n\t\t<div class=\"elementor-element elementor-element-956eb05 e-flex e-con-boxed e-con e-parent\" data-id=\"956eb05\" data-element_type=\"container\" data-settings=\"{&quot;jet_parallax_layout_list&quot;:[]}\">\n\t\t\t\t\t<div class=\"e-con-inner\">\n\t\t\t\t<div class=\"elementor-element elementor-element-f4547a8 elementor-widget elementor-widget-text-editor\" data-id=\"f4547a8\" data-element_type=\"widget\" data-widget_type=\"text-editor.default\">\n\t\t\t\t<div class=\"elementor-widget-container\">\n\t\t\t\t\t\t\t\t\t<div dir=\"auto\" data-message-author-role=\"assistant\" data-message-id=\"10222a17-07de-4fae-a32d-1a076e3cdc84\"><h4>Description du poste<\/h4><div dir=\"auto\" data-message-author-role=\"assistant\" data-message-id=\"10222a17-07de-4fae-a32d-1a076e3cdc84\"><p>En tant que Consultant Technique Business Central \/\u00a0NAV\u00a0vous participerez au d\u00e9ploiement de nos solutions aupr\u00e8s des diff\u00e9rents m\u00e9tiers.<br \/>En nous rejoignant, vos missions seront les suivantes\u00a0:<\/p><ul><li>Participer \u00e0 l\u2019analyse des probl\u00e9matiques existantes puis concevoir des solutions\u00a0;<\/li><li>R\u00e9aliser la conception des solutions pour r\u00e9pondre aux besoins des m\u00e9tiers\u00a0;<\/li><li>Animer des entretiens clients afin d&rsquo;approfondir leurs besoins\u00a0;<\/li><li>R\u00e9aliser les d\u00e9veloppements en AL ou C\/AL\u00a0;<\/li><li>R\u00e9aliser les tests\u00a0;<\/li><li>Participer \u00e0 la livraison et \u00e0 la recette avec les m\u00e9tiers\u00a0;<\/li><li>G\u00e9rer la maintenance corrective et \u00e9volutive\u00a0;<\/li><li>Former les utilisateurs\u00a0;<\/li><li>Suivre la mise en place de fonctionnalit\u00e9s\u00a0;<\/li><li>Accompagner nos clients tout au long de leur projet\u00a0;<\/li><li>R\u00e9aliser r\u00e9guli\u00e8rement de la veille technologique sur les solutions Microsoft.<\/li><\/ul><p>\u00a0<\/p><\/div><h4>Profil recherch\u00e9 :<\/h4><ul><li class=\"x_MsoNormal\" data-ogsc=\"black\">Vous disposez d\u2019une premi\u00e8re exp\u00e9rience sur Business Central et\u00a0NAV\u00a0(2-3 ans)\u00a0;<\/li><li class=\"x_MsoNormal\" data-ogsc=\"black\">Vous disposez des comp\u00e9tences de d\u00e9veloppement sur les langages C\/AL et AL\u00a0;<\/li><li class=\"x_MsoNormal\" data-ogsc=\"black\">Vous avez de bonnes bases en anglais (contexte international)<\/li><li class=\"x_MsoNormal\" data-ogsc=\"black\">Vous avez un profil technique avec une app\u00e9tence m\u00e9tier\/fonctionnel et pour les technologies Microsoft.<\/li><li class=\"x_MsoNormal\" data-ogsc=\"black\">Vous \u00eates autonome, force de proposition et aimez travailler en \u00e9quipe dans un environnement en perp\u00e9tuelle \u00e9volution.<\/li><\/ul><h4>\u00a0<\/h4><h4>Outils \/ Technologies\u00a0:<\/h4><ul><li>Microsoft Dynamics\u00a0NAV\u00a02013 et suivants<\/li><li>Microsoft Dynamics 365 Business Central<\/li><li>Microsoft Power Platform<\/li><li>Microsoft 365 (SharePoint, Azure, Teams, etc.)<\/li><li>Web Services<\/li><li>R\u00e9seau<\/li><\/ul><h4>Dipl\u00f4mes \/ Exp\u00e9riences :<\/h4><ul><li>Bac + 2 minimum<\/li><li><p>2-3 ans d\u2019exp\u00e9riences sur un poste similaire (ESN ou client final)<\/p><\/li><\/ul><\/div>\t\t\t\t\t\t\t\t<\/div>\n\t\t\t\t<\/div>\n\t\t\t\t\t<\/div>\n\t\t\t\t<\/div>\n\t\t<div class=\"elementor-element elementor-element-f3f9ec5 e-flex e-con-boxed e-con e-parent\" data-id=\"f3f9ec5\" data-element_type=\"container\" data-settings=\"{&quot;jet_parallax_layout_list&quot;:[]}\">\n\t\t\t\t\t<div class=\"e-con-inner\">\n\t\t<div class=\"elementor-element elementor-element-fd2b344 e-con-full e-flex e-con e-parent\" data-id=\"fd2b344\" data-element_type=\"container\" data-settings=\"{&quot;jet_parallax_layout_list&quot;:[]}\">\n\t\t\t\t<div class=\"elementor-element elementor-element-e36f25d elementor-widget elementor-widget-heading\" data-id=\"e36f25d\" data-element_type=\"widget\" data-widget_type=\"heading.default\">\n\t\t\t\t<div class=\"elementor-widget-container\">\n\t\t\t\t\t<h2 class=\"elementor-heading-title elementor-size-default\">Postuler pour ce poste<\/h2>\t\t\t\t<\/div>\n\t\t\t\t<\/div>\n\t\t\t\t<div class=\"elementor-element elementor-element-6b3e3ee elementor-widget__width-inherit elementor-widget elementor-widget-heading\" data-id=\"6b3e3ee\" data-element_type=\"widget\" data-widget_type=\"heading.default\">\n\t\t\t\t<div class=\"elementor-widget-container\">\n\t\t\t\t\t<p class=\"elementor-heading-title elementor-size-default\">Veuillez remplir le formulaire ci-dessous pour postuler \u00e0 ce poste. Nous sommes impatients de recevoir votre candidature et de vous conna\u00eetre davantage. Assurez-vous de fournir toutes les informations n\u00e9cessaires et de t\u00e9l\u00e9charger votre CV.<\/p>\t\t\t\t<\/div>\n\t\t\t\t<\/div>\n\t\t\t\t<div class=\"elementor-element elementor-element-e55982d upload-form elementor-button-align-stretch elementor-widget elementor-widget-form\" data-id=\"e55982d\" data-element_type=\"widget\" data-settings=\"{&quot;step_next_label&quot;:&quot;Next&quot;,&quot;step_previous_label&quot;:&quot;Previous&quot;,&quot;button_width&quot;:&quot;33&quot;,&quot;step_type&quot;:&quot;number_text&quot;,&quot;step_icon_shape&quot;:&quot;circle&quot;}\" data-widget_type=\"form.default\">\n\t\t\t\t<div class=\"elementor-widget-container\">\n\t\t\t\t\t\t\t<form class=\"elementor-form\" method=\"post\" name=\"Application French\">\n\t\t\t<input type=\"hidden\" name=\"post_id\" value=\"5886\"\/>\n\t\t\t<input type=\"hidden\" name=\"form_id\" value=\"e55982d\"\/>\n\t\t\t<input type=\"hidden\" name=\"referer_title\" value=\"Sylq\" \/>\n\n\t\t\t\n\t\t\t<div class=\"elementor-form-fields-wrapper elementor-labels-above\">\n\t\t\t\t\t\t\t\t<div class=\"elementor-field-type-text elementor-field-group elementor-column elementor-field-group-name elementor-col-100 elementor-field-required\">\n\t\t\t\t\t\t\t\t\t\t\t\t<label for=\"form-field-name\" class=\"elementor-field-label\">\n\t\t\t\t\t\t\t\tNom complet\t\t\t\t\t\t\t<\/label>\n\t\t\t\t\t\t\t\t\t\t\t\t\t\t<input size=\"1\" type=\"text\" name=\"form_fields[name]\" id=\"form-field-name\" class=\"elementor-field elementor-size-sm  elementor-field-textual\" placeholder=\"Jean Pierre\" required=\"required\" aria-required=\"true\">\n\t\t\t\t\t\t\t\t\t\t\t<\/div>\n\t\t\t\t\t\t\t\t<div class=\"elementor-field-type-email elementor-field-group elementor-column elementor-field-group-email elementor-col-50 elementor-field-required\">\n\t\t\t\t\t\t\t\t\t\t\t\t<label for=\"form-field-email\" class=\"elementor-field-label\">\n\t\t\t\t\t\t\t\tAdresse e-mail\t\t\t\t\t\t\t<\/label>\n\t\t\t\t\t\t\t\t\t\t\t\t\t\t<input size=\"1\" type=\"email\" name=\"form_fields[email]\" id=\"form-field-email\" class=\"elementor-field elementor-size-sm  elementor-field-textual\" placeholder=\"jean.pierre@gmail.com\" required=\"required\" aria-required=\"true\">\n\t\t\t\t\t\t\t\t\t\t\t<\/div>\n\t\t\t\t\t\t\t\t<div class=\"elementor-field-type-tel elementor-field-group elementor-column elementor-field-group-number elementor-col-50 elementor-field-required\">\n\t\t\t\t\t\t\t\t\t\t\t\t<label for=\"form-field-number\" class=\"elementor-field-label\">\n\t\t\t\t\t\t\t\tNum\u00e9ro de t\u00e9l\u00e9phone\t\t\t\t\t\t\t<\/label>\n\t\t\t\t\t\t\t\t<input size=\"1\" type=\"tel\" name=\"form_fields[number]\" id=\"form-field-number\" class=\"elementor-field elementor-size-sm  elementor-field-textual\" placeholder=\"+33 (1) 23 45 67 89\" required=\"required\" aria-required=\"true\" pattern=\"[0-9()#&amp;+*-=.]+\" title=\"Seuls les caract\u00e8res de num\u00e9ros de t\u00e9l\u00e9phone (#, -, *, etc.) sont accept\u00e9s.\">\n\n\t\t\t\t\t\t<\/div>\n\t\t\t\t\t\t\t\t<div class=\"elementor-field-type-textarea elementor-field-group elementor-column elementor-field-group-cover_letter elementor-col-100 elementor-field-required\">\n\t\t\t\t\t\t\t\t\t\t\t\t<label for=\"form-field-cover_letter\" class=\"elementor-field-label\">\n\t\t\t\t\t\t\t\tLettre de motivation\t\t\t\t\t\t\t<\/label>\n\t\t\t\t\t\t<textarea class=\"elementor-field-textual elementor-field  elementor-size-sm\" name=\"form_fields[cover_letter]\" id=\"form-field-cover_letter\" rows=\"5\" required=\"required\" aria-required=\"true\"><\/textarea>\t\t\t\t<\/div>\n\t\t\t\t\t\t\t\t<div class=\"elementor-field-type-textarea elementor-field-group elementor-column elementor-field-group-message elementor-col-100\">\n\t\t\t\t\t\t\t\t\t\t\t\t<label for=\"form-field-message\" class=\"elementor-field-label\">\n\t\t\t\t\t\t\t\tCommentaires suppl\u00e9mentaires (optional)\t\t\t\t\t\t\t<\/label>\n\t\t\t\t\t\t<textarea class=\"elementor-field-textual elementor-field  elementor-size-sm\" name=\"form_fields[message]\" id=\"form-field-message\" rows=\"2\"><\/textarea>\t\t\t\t<\/div>\n\t\t\t\t\t\t\t\t<div class=\"elementor-field-type-upload elementor-field-group elementor-column elementor-field-group-resume elementor-col-100 elementor-field-required\">\n\t\t\t\t\t\t\t\t\t\t\t\t<label for=\"form-field-resume\" class=\"elementor-field-label\">\n\t\t\t\t\t\t\t\tCV (en format PDF)\t\t\t\t\t\t\t<\/label>\n\t\t\t\t\t\t\t\t<input type=\"file\" name=\"form_fields[resume]\" id=\"form-field-resume\" class=\"elementor-field elementor-size-sm  elementor-upload-field\" required=\"required\" aria-required=\"true\" data-maxsize=\"8\" data-maxsize-message=\"Ce fichier d\u00e9passe la taille maximale autoris\u00e9e.\">\n\n\t\t\t\t\t\t<\/div>\n\t\t\t\t\t\t\t\t<div class=\"elementor-field-group elementor-column elementor-field-type-submit elementor-col-33 e-form__buttons\">\n\t\t\t\t\t<button type=\"submit\" class=\"elementor-button elementor-size-sm\">\n\t\t\t\t\t\t<span >\n\t\t\t\t\t\t\t\t\t\t\t\t\t\t\t<span class=\" elementor-button-icon\">\n\t\t\t\t\t\t\t\t\t\t\t\t\t\t\t\t\t\t\t\t\t\t\t\t\t\t<\/span>\n\t\t\t\t\t\t\t\t\t\t\t\t\t\t\t\t\t\t\t\t\t\t<span class=\"elementor-button-text\">Postuler maintenant<\/span>\n\t\t\t\t\t\t\t\t\t\t\t\t\t<\/span>\n\t\t\t\t\t<\/button>\n\t\t\t\t<\/div>\n\t\t\t<\/div>\n\t\t<\/form>\n\t\t\t\t\t\t<\/div>\n\t\t\t\t<\/div>\n\t\t\t\t<\/div>\n\t\t\t\t\t<\/div>\n\t\t\t\t<\/div>\n\t\t\t\t<\/div>\n\t\t","protected":false},"excerpt":{"rendered":"<p>D\u00e9veloppeur Microsoft Dynamics NAV \/ Business Central F\/H Sur site \u2022 Temps plein Description du poste En tant que Consultant Technique Business Central \/\u00a0NAV\u00a0vous participerez au d\u00e9ploiement de nos solutions aupr\u00e8s des diff\u00e9rents m\u00e9tiers. En nous rejoignant, vos missions seront les suivantes\u00a0: Participer \u00e0 l\u2019analyse des probl\u00e9matiques existantes puis concevoir des solutions\u00a0; R\u00e9aliser la conception [&hellip;]<\/p>\n","protected":false},"author":4,"featured_media":0,"parent":5855,"menu_order":0,"comment_status":"closed","ping_status":"closed","template":"elementor_header_footer","meta":{"content-type":"","footnotes":""},"class_list":["post-5886","page","type-page","status-publish","hentry"],"yoast_head":"<!-- This site is optimized with the Yoast SEO plugin v24.6 - https:\/\/yoast.com\/wordpress\/plugins\/seo\/ -->\n<title>D\u00e9veloppeur Microsoft Dynamics NAV &#8211; Sylq<\/title>\n<meta name=\"robots\" content=\"index, follow, max-snippet:-1, max-image-preview:large, max-video-preview:-1\" \/>\n<link rel=\"canonical\" href=\"https:\/\/sylq.io\/fr\/carrieres\/developpeur-microsoft-dynamics-nav\/\" \/>\n<meta property=\"og:locale\" content=\"fr_FR\" \/>\n<meta property=\"og:type\" content=\"article\" \/>\n<meta property=\"og:title\" content=\"D\u00e9veloppeur Microsoft Dynamics NAV &#8211; Sylq\" \/>\n<meta property=\"og:description\" content=\"D\u00e9veloppeur Microsoft Dynamics NAV \/ Business Central F\/H Sur site \u2022 Temps plein Description du poste En tant que Consultant Technique Business Central \/\u00a0NAV\u00a0vous participerez au d\u00e9ploiement de nos solutions aupr\u00e8s des diff\u00e9rents m\u00e9tiers. En nous rejoignant, vos missions seront les suivantes\u00a0: Participer \u00e0 l\u2019analyse des probl\u00e9matiques existantes puis concevoir des solutions\u00a0; R\u00e9aliser la conception [&hellip;]\" \/>\n<meta property=\"og:url\" content=\"https:\/\/sylq.io\/fr\/carrieres\/developpeur-microsoft-dynamics-nav\/\" \/>\n<meta property=\"og:site_name\" content=\"Sylq\" \/>\n<meta property=\"article:modified_time\" content=\"2024-08-26T14:39:59+00:00\" \/>\n<meta property=\"og:image\" content=\"https:\/\/sylq.io\/wp-content\/uploads\/2023\/01\/cropped-logo-font-1.png\" \/>\n<meta name=\"twitter:card\" content=\"summary_large_image\" \/>\n<meta name=\"twitter:label1\" content=\"Dur\u00e9e de lecture estim\u00e9e\" \/>\n\t<meta name=\"twitter:data1\" content=\"2 minutes\" \/>\n<script type=\"application\/ld+json\" class=\"yoast-schema-graph\">{\"@context\":\"https:\/\/schema.org\",\"@graph\":[{\"@type\":\"WebPage\",\"@id\":\"https:\/\/sylq.io\/fr\/carrieres\/developpeur-microsoft-dynamics-nav\/\",\"url\":\"https:\/\/sylq.io\/fr\/carrieres\/developpeur-microsoft-dynamics-nav\/\",\"name\":\"D\u00e9veloppeur Microsoft Dynamics NAV &#8211; Sylq\",\"isPartOf\":{\"@id\":\"https:\/\/sylq.io\/fr\/#website\"},\"primaryImageOfPage\":{\"@id\":\"https:\/\/sylq.io\/fr\/carrieres\/developpeur-microsoft-dynamics-nav\/#primaryimage\"},\"image\":{\"@id\":\"https:\/\/sylq.io\/fr\/carrieres\/developpeur-microsoft-dynamics-nav\/#primaryimage\"},\"thumbnailUrl\":\"https:\/\/sylq.io\/wp-content\/uploads\/2023\/01\/cropped-logo-font-1.png\",\"datePublished\":\"2024-08-26T14:33:03+00:00\",\"dateModified\":\"2024-08-26T14:39:59+00:00\",\"breadcrumb\":{\"@id\":\"https:\/\/sylq.io\/fr\/carrieres\/developpeur-microsoft-dynamics-nav\/#breadcrumb\"},\"inLanguage\":\"fr-FR\",\"potentialAction\":[{\"@type\":\"ReadAction\",\"target\":[\"https:\/\/sylq.io\/fr\/carrieres\/developpeur-microsoft-dynamics-nav\/\"]}]},{\"@type\":\"ImageObject\",\"inLanguage\":\"fr-FR\",\"@id\":\"https:\/\/sylq.io\/fr\/carrieres\/developpeur-microsoft-dynamics-nav\/#primaryimage\",\"url\":\"https:\/\/sylq.io\/wp-content\/uploads\/2023\/01\/cropped-logo-font-1.png\",\"contentUrl\":\"https:\/\/sylq.io\/wp-content\/uploads\/2023\/01\/cropped-logo-font-1.png\"},{\"@type\":\"BreadcrumbList\",\"@id\":\"https:\/\/sylq.io\/fr\/carrieres\/developpeur-microsoft-dynamics-nav\/#breadcrumb\",\"itemListElement\":[{\"@type\":\"ListItem\",\"position\":1,\"name\":\"Home\",\"item\":\"https:\/\/sylq.io\/fr\/home2\/\"},{\"@type\":\"ListItem\",\"position\":2,\"name\":\"Faire carri\u00e8re chez Sylq\",\"item\":\"https:\/\/sylq.io\/fr\/carrieres\/\"},{\"@type\":\"ListItem\",\"position\":3,\"name\":\"D\u00e9veloppeur Microsoft Dynamics NAV\"}]},{\"@type\":\"WebSite\",\"@id\":\"https:\/\/sylq.io\/fr\/#website\",\"url\":\"https:\/\/sylq.io\/fr\/\",\"name\":\"Sylq\",\"description\":\"All-in-one Merchant Payment Platform\",\"publisher\":{\"@id\":\"https:\/\/sylq.io\/fr\/#organization\"},\"potentialAction\":[{\"@type\":\"SearchAction\",\"target\":{\"@type\":\"EntryPoint\",\"urlTemplate\":\"https:\/\/sylq.io\/fr\/?s={search_term_string}\"},\"query-input\":{\"@type\":\"PropertyValueSpecification\",\"valueRequired\":true,\"valueName\":\"search_term_string\"}}],\"inLanguage\":\"fr-FR\"},{\"@type\":\"Organization\",\"@id\":\"https:\/\/sylq.io\/fr\/#organization\",\"name\":\"Sylq\",\"url\":\"https:\/\/sylq.io\/fr\/\",\"logo\":{\"@type\":\"ImageObject\",\"inLanguage\":\"fr-FR\",\"@id\":\"https:\/\/sylq.io\/fr\/#\/schema\/logo\/image\/\",\"url\":\"https:\/\/sylq.io\/wp-content\/uploads\/2023\/01\/cropped-logo-font-1.png\",\"contentUrl\":\"https:\/\/sylq.io\/wp-content\/uploads\/2023\/01\/cropped-logo-font-1.png\",\"width\":460,\"height\":230,\"caption\":\"Sylq\"},\"image\":{\"@id\":\"https:\/\/sylq.io\/fr\/#\/schema\/logo\/image\/\"}}]}<\/script>\n<!-- \/ Yoast SEO plugin. -->","yoast_head_json":{"title":"D\u00e9veloppeur Microsoft Dynamics NAV &#8211; Sylq","robots":{"index":"index","follow":"follow","max-snippet":"max-snippet:-1","max-image-preview":"max-image-preview:large","max-video-preview":"max-video-preview:-1"},"canonical":"https:\/\/sylq.io\/fr\/carrieres\/developpeur-microsoft-dynamics-nav\/","og_locale":"fr_FR","og_type":"article","og_title":"D\u00e9veloppeur Microsoft Dynamics NAV &#8211; Sylq","og_description":"D\u00e9veloppeur Microsoft Dynamics NAV \/ Business Central F\/H Sur site \u2022 Temps plein Description du poste En tant que Consultant Technique Business Central \/\u00a0NAV\u00a0vous participerez au d\u00e9ploiement de nos solutions aupr\u00e8s des diff\u00e9rents m\u00e9tiers. En nous rejoignant, vos missions seront les suivantes\u00a0: Participer \u00e0 l\u2019analyse des probl\u00e9matiques existantes puis concevoir des solutions\u00a0; R\u00e9aliser la conception [&hellip;]","og_url":"https:\/\/sylq.io\/fr\/carrieres\/developpeur-microsoft-dynamics-nav\/","og_site_name":"Sylq","article_modified_time":"2024-08-26T14:39:59+00:00","og_image":[{"url":"https:\/\/sylq.io\/wp-content\/uploads\/2023\/01\/cropped-logo-font-1.png","type":"","width":"","height":""}],"twitter_card":"summary_large_image","twitter_misc":{"Dur\u00e9e de lecture estim\u00e9e":"2 minutes"},"schema":{"@context":"https:\/\/schema.org","@graph":[{"@type":"WebPage","@id":"https:\/\/sylq.io\/fr\/carrieres\/developpeur-microsoft-dynamics-nav\/","url":"https:\/\/sylq.io\/fr\/carrieres\/developpeur-microsoft-dynamics-nav\/","name":"D\u00e9veloppeur Microsoft Dynamics NAV &#8211; Sylq","isPartOf":{"@id":"https:\/\/sylq.io\/fr\/#website"},"primaryImageOfPage":{"@id":"https:\/\/sylq.io\/fr\/carrieres\/developpeur-microsoft-dynamics-nav\/#primaryimage"},"image":{"@id":"https:\/\/sylq.io\/fr\/carrieres\/developpeur-microsoft-dynamics-nav\/#primaryimage"},"thumbnailUrl":"https:\/\/sylq.io\/wp-content\/uploads\/2023\/01\/cropped-logo-font-1.png","datePublished":"2024-08-26T14:33:03+00:00","dateModified":"2024-08-26T14:39:59+00:00","breadcrumb":{"@id":"https:\/\/sylq.io\/fr\/carrieres\/developpeur-microsoft-dynamics-nav\/#breadcrumb"},"inLanguage":"fr-FR","potentialAction":[{"@type":"ReadAction","target":["https:\/\/sylq.io\/fr\/carrieres\/developpeur-microsoft-dynamics-nav\/"]}]},{"@type":"ImageObject","inLanguage":"fr-FR","@id":"https:\/\/sylq.io\/fr\/carrieres\/developpeur-microsoft-dynamics-nav\/#primaryimage","url":"https:\/\/sylq.io\/wp-content\/uploads\/2023\/01\/cropped-logo-font-1.png","contentUrl":"https:\/\/sylq.io\/wp-content\/uploads\/2023\/01\/cropped-logo-font-1.png"},{"@type":"BreadcrumbList","@id":"https:\/\/sylq.io\/fr\/carrieres\/developpeur-microsoft-dynamics-nav\/#breadcrumb","itemListElement":[{"@type":"ListItem","position":1,"name":"Home","item":"https:\/\/sylq.io\/fr\/home2\/"},{"@type":"ListItem","position":2,"name":"Faire carri\u00e8re chez Sylq","item":"https:\/\/sylq.io\/fr\/carrieres\/"},{"@type":"ListItem","position":3,"name":"D\u00e9veloppeur Microsoft Dynamics NAV"}]},{"@type":"WebSite","@id":"https:\/\/sylq.io\/fr\/#website","url":"https:\/\/sylq.io\/fr\/","name":"Sylq","description":"All-in-one Merchant Payment Platform","publisher":{"@id":"https:\/\/sylq.io\/fr\/#organization"},"potentialAction":[{"@type":"SearchAction","target":{"@type":"EntryPoint","urlTemplate":"https:\/\/sylq.io\/fr\/?s={search_term_string}"},"query-input":{"@type":"PropertyValueSpecification","valueRequired":true,"valueName":"search_term_string"}}],"inLanguage":"fr-FR"},{"@type":"Organization","@id":"https:\/\/sylq.io\/fr\/#organization","name":"Sylq","url":"https:\/\/sylq.io\/fr\/","logo":{"@type":"ImageObject","inLanguage":"fr-FR","@id":"https:\/\/sylq.io\/fr\/#\/schema\/logo\/image\/","url":"https:\/\/sylq.io\/wp-content\/uploads\/2023\/01\/cropped-logo-font-1.png","contentUrl":"https:\/\/sylq.io\/wp-content\/uploads\/2023\/01\/cropped-logo-font-1.png","width":460,"height":230,"caption":"Sylq"},"image":{"@id":"https:\/\/sylq.io\/fr\/#\/schema\/logo\/image\/"}}]}},"_links":{"self":[{"href":"https:\/\/sylq.io\/fr\/wp-json\/wp\/v2\/pages\/5886","targetHints":{"allow":["GET"]}}],"collection":[{"href":"https:\/\/sylq.io\/fr\/wp-json\/wp\/v2\/pages"}],"about":[{"href":"https:\/\/sylq.io\/fr\/wp-json\/wp\/v2\/types\/page"}],"author":[{"embeddable":true,"href":"https:\/\/sylq.io\/fr\/wp-json\/wp\/v2\/users\/4"}],"replies":[{"embeddable":true,"href":"https:\/\/sylq.io\/fr\/wp-json\/wp\/v2\/comments?post=5886"}],"version-history":[{"count":0,"href":"https:\/\/sylq.io\/fr\/wp-json\/wp\/v2\/pages\/5886\/revisions"}],"up":[{"embeddable":true,"href":"https:\/\/sylq.io\/fr\/wp-json\/wp\/v2\/pages\/5855"}],"wp:attachment":[{"href":"https:\/\/sylq.io\/fr\/wp-json\/wp\/v2\/media?parent=5886"}],"curies":[{"name":"wp","href":"https:\/\/api.w.org\/{rel}","templated":true}]}}