{"id":5297,"date":"2023-03-09T09:41:35","date_gmt":"2023-03-09T09:41:35","guid":{"rendered":"https:\/\/sylq.io\/productos\/"},"modified":"2023-09-05T13:14:14","modified_gmt":"2023-09-05T13:14:14","slug":"productos","status":"publish","type":"page","link":"https:\/\/sylq.io\/es\/productos\/","title":{"rendered":"Productos"},"content":{"rendered":"\t\t<div data-elementor-type=\"wp-page\" data-elementor-id=\"5297\" class=\"elementor elementor-5297 elementor-2747\">\n\t\t\t\t\t\t<section class=\"elementor-section elementor-top-section elementor-element elementor-element-f8cd300 elementor-section-boxed elementor-section-height-default elementor-section-height-default\" data-id=\"f8cd300\" data-element_type=\"section\" data-settings=\"{&quot;jet_parallax_layout_list&quot;:[]}\">\n\t\t\t\t\t\t<div class=\"elementor-container elementor-column-gap-no\">\n\t\t\t\t\t<div class=\"elementor-column elementor-col-100 elementor-top-column elementor-element elementor-element-107f7d9\" data-id=\"107f7d9\" data-element_type=\"column\">\n\t\t\t<div class=\"elementor-widget-wrap elementor-element-populated\">\n\t\t\t\t\t\t<div class=\"elementor-element elementor-element-9f506ee elementor-widget__width-initial elementor-invisible elementor-widget elementor-widget-heading\" data-id=\"9f506ee\" data-element_type=\"widget\" data-settings=\"{&quot;_animation&quot;:&quot;fadeInUp&quot;}\" data-widget_type=\"heading.default\">\n\t\t\t\t<div class=\"elementor-widget-container\">\n\t\t\t\t\t<p class=\"elementor-heading-title elementor-size-default\">Eche un vistazo a nuestro <span class=\"highlight\">conjunto de productos<\/span><\/p>\t\t\t\t<\/div>\n\t\t\t\t<\/div>\n\t\t\t\t\t<\/div>\n\t\t<\/div>\n\t\t\t\t\t<\/div>\n\t\t<\/section>\n\t\t\t\t<section class=\"elementor-section elementor-top-section elementor-element elementor-element-5fb9948 elementor-section-full_width elementor-section-height-default elementor-section-height-default\" data-id=\"5fb9948\" data-element_type=\"section\" data-settings=\"{&quot;jet_parallax_layout_list&quot;:[]}\">\n\t\t\t\t\t\t<div class=\"elementor-container elementor-column-gap-no\">\n\t\t\t\t\t<div class=\"elementor-column elementor-col-100 elementor-top-column elementor-element elementor-element-22e1eab\" data-id=\"22e1eab\" data-element_type=\"column\">\n\t\t\t<div class=\"elementor-widget-wrap elementor-element-populated\">\n\t\t\t\t\t\t<section class=\"elementor-section elementor-inner-section elementor-element elementor-element-335c818 elementor-section-boxed elementor-section-height-default elementor-section-height-default\" data-id=\"335c818\" data-element_type=\"section\" data-settings=\"{&quot;jet_parallax_layout_list&quot;:[]}\">\n\t\t\t\t\t\t<div class=\"elementor-container elementor-column-gap-no\">\n\t\t\t\t\t<div class=\"elementor-column elementor-col-100 elementor-inner-column elementor-element elementor-element-5af98c8\" data-id=\"5af98c8\" data-element_type=\"column\">\n\t\t\t<div class=\"elementor-widget-wrap elementor-element-populated\">\n\t\t\t\t\t\t<div class=\"elementor-element elementor-element-26bfa0a elementor-cta--layout-image-above elementor-cta--skin-classic elementor-animated-content elementor-bg-transform elementor-bg-transform-zoom-in elementor-widget elementor-widget-call-to-action\" data-id=\"26bfa0a\" data-element_type=\"widget\" data-widget_type=\"call-to-action.default\">\n\t\t\t\t<div class=\"elementor-widget-container\">\n\t\t\t\t\t\t\t<div class=\"elementor-cta\">\n\t\t\t\t\t<div class=\"elementor-cta__bg-wrapper\">\n\t\t\t\t<div class=\"elementor-cta__bg elementor-bg\" style=\"background-image: url(https:\/\/sylq.io\/wp-content\/uploads\/2023\/02\/pax-bw-1.jpg);\"><\/div>\n\t\t\t\t<div class=\"elementor-cta__bg-overlay\"><\/div>\n\t\t\t<\/div>\n\t\t\t\t\t\t\t<div class=\"elementor-cta__content\">\n\t\t\t\t\n\t\t\t\t<h2 class=\"elementor-cta__title elementor-cta__content-item elementor-content-item\">Terminales de pago<\/h2>\n\t\t\t\t\t\t\t\t\t<div class=\"elementor-cta__description elementor-cta__content-item elementor-content-item\">\n\t\t\t\t\t\t<p>Procese sin problemas transacciones seguras con nuestros terminales de pago. Perfecto para cualquier negocio.<\/p>\n\t\t\t\t\t<\/div>\n\t\t\t\t\n\t\t\t\t\t\t\t\t\t<div class=\"elementor-cta__button-wrapper elementor-cta__content-item elementor-content-item \">\n\t\t\t\t\t<a class=\"elementor-cta__button elementor-button elementor-size-sm\" href=\"https:\/\/sylq.io\/payment-terminals\/\">\n\t\t\t\t\t\tP\u00e1gina del producto\t\t\t\t\t<\/a>\n\t\t\t\t\t<\/div>\n\t\t\t\t\t\t\t<\/div>\n\t\t\t\t\t\t<\/div>\n\t\t\t\t\t\t<\/div>\n\t\t\t\t<\/div>\n\t\t\t\t<div class=\"elementor-element elementor-element-cc47097 elementor-cta--layout-image-above elementor-cta--skin-classic elementor-animated-content elementor-bg-transform elementor-bg-transform-zoom-in elementor-widget elementor-widget-call-to-action\" data-id=\"cc47097\" data-element_type=\"widget\" data-widget_type=\"call-to-action.default\">\n\t\t\t\t<div class=\"elementor-widget-container\">\n\t\t\t\t\t\t\t<div class=\"elementor-cta\">\n\t\t\t\t\t<div class=\"elementor-cta__bg-wrapper\">\n\t\t\t\t<div class=\"elementor-cta__bg elementor-bg\" style=\"background-image: url(https:\/\/sylq.io\/wp-content\/uploads\/2023\/02\/crypto-tokens-1.jpg);\"><\/div>\n\t\t\t\t<div class=\"elementor-cta__bg-overlay\"><\/div>\n\t\t\t<\/div>\n\t\t\t\t\t\t\t<div class=\"elementor-cta__content\">\n\t\t\t\t\n\t\t\t\t<h2 class=\"elementor-cta__title elementor-cta__content-item elementor-content-item\">Pay by Crypto<\/h2>\n\t\t\t\t\t\t\t\t\t<div class=\"elementor-cta__description elementor-cta__content-item elementor-content-item\">\n\t\t\t\t\t\t<p> Pague con facilidad utilizando nuestro sistema de pago criptogr\u00e1fico: r\u00e1pido, seguro y descentralizado. Es la forma perfecta de realizar transacciones en l\u00ednea. criptogr\u00e1fico:<\/p>\n\t\t\t\t\t<\/div>\n\t\t\t\t\n\t\t\t\t\t\t\t\t\t<div class=\"elementor-cta__button-wrapper elementor-cta__content-item elementor-content-item \">\n\t\t\t\t\t<a class=\"elementor-cta__button elementor-button elementor-size-sm\" href=\"https:\/\/sylq.io\/pay-by-crypto\/\">\n\t\t\t\t\t\tP\u00e1gina del producto\t\t\t\t\t<\/a>\n\t\t\t\t\t<\/div>\n\t\t\t\t\t\t\t<\/div>\n\t\t\t\t\t\t<\/div>\n\t\t\t\t\t\t<\/div>\n\t\t\t\t<\/div>\n\t\t\t\t<div class=\"elementor-element elementor-element-65916cd elementor-cta--layout-image-above elementor-cta--skin-classic elementor-animated-content elementor-bg-transform elementor-bg-transform-zoom-in elementor-widget elementor-widget-call-to-action\" data-id=\"65916cd\" data-element_type=\"widget\" data-widget_type=\"call-to-action.default\">\n\t\t\t\t<div class=\"elementor-widget-container\">\n\t\t\t\t\t\t\t<div class=\"elementor-cta\">\n\t\t\t\t\t<div class=\"elementor-cta__bg-wrapper\">\n\t\t\t\t<div class=\"elementor-cta__bg elementor-bg\" style=\"background-image: url(https:\/\/sylq.io\/wp-content\/uploads\/2023\/03\/pay-by-card-1.jpg);\"><\/div>\n\t\t\t\t<div class=\"elementor-cta__bg-overlay\"><\/div>\n\t\t\t<\/div>\n\t\t\t\t\t\t\t<div class=\"elementor-cta__content\">\n\t\t\t\t\n\t\t\t\t<h2 class=\"elementor-cta__title elementor-cta__content-item elementor-content-item\">Pay by Card<\/h2>\n\t\t\t\t\t\t\t\t\t<div class=\"elementor-cta__description elementor-cta__content-item elementor-content-item\">\n\t\t\t\t\t\t<p>Realice pagos directamente desde su cuenta bancaria con nuestra funci\u00f3n de pago por banco. Es r\u00e1pido, c\u00f3modo y sin complicaciones.<\/p>\n\t\t\t\t\t<\/div>\n\t\t\t\t\n\t\t\t\t\t\t\t\t\t<div class=\"elementor-cta__button-wrapper elementor-cta__content-item elementor-content-item \">\n\t\t\t\t\t<a class=\"elementor-cta__button elementor-button elementor-size-sm\" href=\"https:\/\/sylq.io\/pay-by-card\/\">\n\t\t\t\t\t\tP\u00e1gina del producto\t\t\t\t\t<\/a>\n\t\t\t\t\t<\/div>\n\t\t\t\t\t\t\t<\/div>\n\t\t\t\t\t\t<\/div>\n\t\t\t\t\t\t<\/div>\n\t\t\t\t<\/div>\n\t\t\t\t<div class=\"elementor-element elementor-element-4d35303 elementor-cta--layout-image-above elementor-cta--skin-classic elementor-animated-content elementor-bg-transform elementor-bg-transform-zoom-in elementor-widget elementor-widget-call-to-action\" data-id=\"4d35303\" data-element_type=\"widget\" data-widget_type=\"call-to-action.default\">\n\t\t\t\t<div class=\"elementor-widget-container\">\n\t\t\t\t\t\t\t<div class=\"elementor-cta\">\n\t\t\t\t\t<div class=\"elementor-cta__bg-wrapper\">\n\t\t\t\t<div class=\"elementor-cta__bg elementor-bg\" style=\"background-image: url(https:\/\/sylq.io\/wp-content\/uploads\/2023\/02\/pax-bw2-1.jpg);\"><\/div>\n\t\t\t\t<div class=\"elementor-cta__bg-overlay\"><\/div>\n\t\t\t<\/div>\n\t\t\t\t\t\t\t<div class=\"elementor-cta__content\">\n\t\t\t\t\n\t\t\t\t<h2 class=\"elementor-cta__title elementor-cta__content-item elementor-content-item\">Loyalty suite<\/h2>\n\t\t\t\t\t\t\t\t\t<div class=\"elementor-cta__description elementor-cta__content-item elementor-content-item\">\n\t\t\t\t\t\t<p>Nuestro programa de fidelidad recompensa a los clientes por su fidelidad, fomentando la repetici\u00f3n de compras y la creaci\u00f3n de relaciones s\u00f3lidas con los clientes.<\/p>\n\t\t\t\t\t<\/div>\n\t\t\t\t\n\t\t\t\t\t\t\t\t\t<div class=\"elementor-cta__button-wrapper elementor-cta__content-item elementor-content-item \">\n\t\t\t\t\t<a class=\"elementor-cta__button elementor-button elementor-size-sm\" href=\"https:\/\/sylq.io\/loyalty\/\">\n\t\t\t\t\t\tP\u00e1gina del producto\t\t\t\t\t<\/a>\n\t\t\t\t\t<\/div>\n\t\t\t\t\t\t\t<\/div>\n\t\t\t\t\t\t<\/div>\n\t\t\t\t\t\t<\/div>\n\t\t\t\t<\/div>\n\t\t\t\t<div class=\"elementor-element elementor-element-14b3ed3 elementor-cta--layout-image-above elementor-cta--skin-classic elementor-animated-content elementor-bg-transform elementor-bg-transform-zoom-in elementor-widget elementor-widget-call-to-action\" data-id=\"14b3ed3\" data-element_type=\"widget\" data-widget_type=\"call-to-action.default\">\n\t\t\t\t<div class=\"elementor-widget-container\">\n\t\t\t\t\t\t\t<div class=\"elementor-cta\">\n\t\t\t\t\t<div class=\"elementor-cta__bg-wrapper\">\n\t\t\t\t<div class=\"elementor-cta__bg elementor-bg\" style=\"background-image: url(https:\/\/sylq.io\/wp-content\/uploads\/2023\/03\/pay-by-banks-1.jpg);\"><\/div>\n\t\t\t\t<div class=\"elementor-cta__bg-overlay\"><\/div>\n\t\t\t<\/div>\n\t\t\t\t\t\t\t<div class=\"elementor-cta__content\">\n\t\t\t\t\n\t\t\t\t<h2 class=\"elementor-cta__title elementor-cta__content-item elementor-content-item\">Pagar por banco<\/h2>\n\t\t\t\t\t\t\t\t\t<div class=\"elementor-cta__description elementor-cta__content-item elementor-content-item\">\n\t\t\t\t\t\t<p>El Open Banking permite realizar transferencias bancarias directas ilimitadas que son m\u00e1s seguras y menos costosas que los pagos con tarjeta.<\/p>\n\t\t\t\t\t<\/div>\n\t\t\t\t\n\t\t\t\t\t\t\t\t\t<div class=\"elementor-cta__button-wrapper elementor-cta__content-item elementor-content-item \">\n\t\t\t\t\t<a class=\"elementor-cta__button elementor-button elementor-size-sm\" href=\"https:\/\/sylq.io\/pay-by-bank\/\">\n\t\t\t\t\t\tP\u00e1gina del producto\t\t\t\t\t<\/a>\n\t\t\t\t\t<\/div>\n\t\t\t\t\t\t\t<\/div>\n\t\t\t\t\t\t<\/div>\n\t\t\t\t\t\t<\/div>\n\t\t\t\t<\/div>\n\t\t\t\t<div class=\"elementor-element elementor-element-16d7150 elementor-cta--layout-image-above elementor-cta--skin-classic elementor-animated-content elementor-bg-transform elementor-bg-transform-zoom-in elementor-widget elementor-widget-call-to-action\" data-id=\"16d7150\" data-element_type=\"widget\" data-widget_type=\"call-to-action.default\">\n\t\t\t\t<div class=\"elementor-widget-container\">\n\t\t\t\t\t\t\t<div class=\"elementor-cta\">\n\t\t\t\t\t<div class=\"elementor-cta__bg-wrapper\">\n\t\t\t\t<div class=\"elementor-cta__bg elementor-bg\" style=\"background-image: url(https:\/\/sylq.io\/wp-content\/uploads\/2023\/03\/concentrated-call-center-agent-talking-with-customer-while-working-office-1-1.jpg);\"><\/div>\n\t\t\t\t<div class=\"elementor-cta__bg-overlay\"><\/div>\n\t\t\t<\/div>\n\t\t\t\t\t\t\t<div class=\"elementor-cta__content\">\n\t\t\t\t\n\t\t\t\t<h2 class=\"elementor-cta__title elementor-cta__content-item elementor-content-item\">Asistencia 24\/7<\/h2>\n\t\t\t\t\t\t\t\t\t<div class=\"elementor-cta__description elementor-cta__content-item elementor-content-item\">\n\t\t\t\t\t\t<p>Nuestro equipo de atenci\u00f3n al cliente est\u00e1 disponible 24 horas al d\u00eda, 7 d\u00edas a la semana, para ayudarle con cualquier problema o pregunta que pueda tener. Estamos aqu\u00ed para ayudarle, siempre que nos necesite.<\/p>\n\t\t\t\t\t<\/div>\n\t\t\t\t\n\t\t\t\t\t\t\t\t\t<div class=\"elementor-cta__button-wrapper elementor-cta__content-item elementor-content-item \">\n\t\t\t\t\t<a class=\"elementor-cta__button elementor-button elementor-size-sm\" href=\"https:\/\/sylq.io\/support\/\">\n\t\t\t\t\t\tP\u00e1gina del producto\t\t\t\t\t<\/a>\n\t\t\t\t\t<\/div>\n\t\t\t\t\t\t\t<\/div>\n\t\t\t\t\t\t<\/div>\n\t\t\t\t\t\t<\/div>\n\t\t\t\t<\/div>\n\t\t\t\t\t<\/div>\n\t\t<\/div>\n\t\t\t\t\t<\/div>\n\t\t<\/section>\n\t\t\t\t\t<\/div>\n\t\t<\/div>\n\t\t\t\t\t<\/div>\n\t\t<\/section>\n\t\t\t\t<\/div>\n\t\t","protected":false},"excerpt":{"rendered":"<p>Eche un vistazo a nuestro conjunto de productos Terminales de pago Procese sin problemas transacciones seguras con nuestros terminales de pago. Perfecto para cualquier negocio. P\u00e1gina del producto Pay by Crypto Pague con facilidad utilizando nuestro sistema de pago criptogr\u00e1fico: r\u00e1pido, seguro y descentralizado. Es la forma perfecta de realizar transacciones en l\u00ednea. criptogr\u00e1fico: P\u00e1gina [&hellip;]<\/p>\n","protected":false},"author":4,"featured_media":5270,"parent":0,"menu_order":0,"comment_status":"closed","ping_status":"closed","template":"elementor_header_footer","meta":{"content-type":"","footnotes":""},"class_list":["post-5297","page","type-page","status-publish","has-post-thumbnail","hentry"],"yoast_head":"<!-- This site is optimized with the Yoast SEO plugin v24.6 - https:\/\/yoast.com\/wordpress\/plugins\/seo\/ -->\n<title>Productos &#8211; Sylq<\/title>\n<meta name=\"robots\" content=\"index, follow, max-snippet:-1, max-image-preview:large, max-video-preview:-1\" \/>\n<link rel=\"canonical\" href=\"https:\/\/sylq.io\/es\/productos\/\" \/>\n<meta property=\"og:locale\" content=\"es_ES\" \/>\n<meta property=\"og:type\" content=\"article\" \/>\n<meta property=\"og:title\" content=\"Productos &#8211; Sylq\" \/>\n<meta property=\"og:description\" content=\"Eche un vistazo a nuestro conjunto de productos Terminales de pago Procese sin problemas transacciones seguras con nuestros terminales de pago. Perfecto para cualquier negocio. P\u00e1gina del producto Pay by Crypto Pague con facilidad utilizando nuestro sistema de pago criptogr\u00e1fico: r\u00e1pido, seguro y descentralizado. Es la forma perfecta de realizar transacciones en l\u00ednea. criptogr\u00e1fico: P\u00e1gina [&hellip;]\" \/>\n<meta property=\"og:url\" content=\"https:\/\/sylq.io\/es\/productos\/\" \/>\n<meta property=\"og:site_name\" content=\"Sylq\" \/>\n<meta property=\"article:modified_time\" content=\"2023-09-05T13:14:14+00:00\" \/>\n<meta property=\"og:image\" content=\"https:\/\/sylq.io\/wp-content\/uploads\/2023\/03\/Sylq-Image02.jpg\" \/>\n\t<meta property=\"og:image:width\" content=\"1200\" \/>\n\t<meta property=\"og:image:height\" content=\"628\" \/>\n\t<meta property=\"og:image:type\" content=\"image\/jpeg\" \/>\n<meta name=\"twitter:card\" content=\"summary_large_image\" \/>\n<meta name=\"twitter:label1\" content=\"Tiempo de lectura\" \/>\n\t<meta name=\"twitter:data1\" content=\"1 minuto\" \/>\n<script type=\"application\/ld+json\" class=\"yoast-schema-graph\">{\"@context\":\"https:\/\/schema.org\",\"@graph\":[{\"@type\":\"WebPage\",\"@id\":\"https:\/\/sylq.io\/es\/productos\/\",\"url\":\"https:\/\/sylq.io\/es\/productos\/\",\"name\":\"Productos &#8211; Sylq\",\"isPartOf\":{\"@id\":\"https:\/\/sylq.io\/es\/#website\"},\"primaryImageOfPage\":{\"@id\":\"https:\/\/sylq.io\/es\/productos\/#primaryimage\"},\"image\":{\"@id\":\"https:\/\/sylq.io\/es\/productos\/#primaryimage\"},\"thumbnailUrl\":\"https:\/\/sylq.io\/wp-content\/uploads\/2023\/03\/Sylq-Image02.jpg\",\"datePublished\":\"2023-03-09T09:41:35+00:00\",\"dateModified\":\"2023-09-05T13:14:14+00:00\",\"breadcrumb\":{\"@id\":\"https:\/\/sylq.io\/es\/productos\/#breadcrumb\"},\"inLanguage\":\"es\",\"potentialAction\":[{\"@type\":\"ReadAction\",\"target\":[\"https:\/\/sylq.io\/es\/productos\/\"]}]},{\"@type\":\"ImageObject\",\"inLanguage\":\"es\",\"@id\":\"https:\/\/sylq.io\/es\/productos\/#primaryimage\",\"url\":\"https:\/\/sylq.io\/wp-content\/uploads\/2023\/03\/Sylq-Image02.jpg\",\"contentUrl\":\"https:\/\/sylq.io\/wp-content\/uploads\/2023\/03\/Sylq-Image02.jpg\",\"width\":1200,\"height\":628},{\"@type\":\"BreadcrumbList\",\"@id\":\"https:\/\/sylq.io\/es\/productos\/#breadcrumb\",\"itemListElement\":[{\"@type\":\"ListItem\",\"position\":1,\"name\":\"Home\",\"item\":\"https:\/\/sylq.io\/es\/inicio\/\"},{\"@type\":\"ListItem\",\"position\":2,\"name\":\"Productos\"}]},{\"@type\":\"WebSite\",\"@id\":\"https:\/\/sylq.io\/es\/#website\",\"url\":\"https:\/\/sylq.io\/es\/\",\"name\":\"Sylq\",\"description\":\"All-in-one Merchant Payment Platform\",\"publisher\":{\"@id\":\"https:\/\/sylq.io\/es\/#organization\"},\"potentialAction\":[{\"@type\":\"SearchAction\",\"target\":{\"@type\":\"EntryPoint\",\"urlTemplate\":\"https:\/\/sylq.io\/es\/?s={search_term_string}\"},\"query-input\":{\"@type\":\"PropertyValueSpecification\",\"valueRequired\":true,\"valueName\":\"search_term_string\"}}],\"inLanguage\":\"es\"},{\"@type\":\"Organization\",\"@id\":\"https:\/\/sylq.io\/es\/#organization\",\"name\":\"Sylq\",\"url\":\"https:\/\/sylq.io\/es\/\",\"logo\":{\"@type\":\"ImageObject\",\"inLanguage\":\"es\",\"@id\":\"https:\/\/sylq.io\/es\/#\/schema\/logo\/image\/\",\"url\":\"https:\/\/sylq.io\/wp-content\/uploads\/2023\/01\/cropped-logo-font-1.png\",\"contentUrl\":\"https:\/\/sylq.io\/wp-content\/uploads\/2023\/01\/cropped-logo-font-1.png\",\"width\":460,\"height\":230,\"caption\":\"Sylq\"},\"image\":{\"@id\":\"https:\/\/sylq.io\/es\/#\/schema\/logo\/image\/\"}}]}<\/script>\n<!-- \/ Yoast SEO plugin. -->","yoast_head_json":{"title":"Productos &#8211; Sylq","robots":{"index":"index","follow":"follow","max-snippet":"max-snippet:-1","max-image-preview":"max-image-preview:large","max-video-preview":"max-video-preview:-1"},"canonical":"https:\/\/sylq.io\/es\/productos\/","og_locale":"es_ES","og_type":"article","og_title":"Productos &#8211; Sylq","og_description":"Eche un vistazo a nuestro conjunto de productos Terminales de pago Procese sin problemas transacciones seguras con nuestros terminales de pago. Perfecto para cualquier negocio. P\u00e1gina del producto Pay by Crypto Pague con facilidad utilizando nuestro sistema de pago criptogr\u00e1fico: r\u00e1pido, seguro y descentralizado. Es la forma perfecta de realizar transacciones en l\u00ednea. criptogr\u00e1fico: P\u00e1gina [&hellip;]","og_url":"https:\/\/sylq.io\/es\/productos\/","og_site_name":"Sylq","article_modified_time":"2023-09-05T13:14:14+00:00","og_image":[{"width":1200,"height":628,"url":"https:\/\/sylq.io\/wp-content\/uploads\/2023\/03\/Sylq-Image02.jpg","type":"image\/jpeg"}],"twitter_card":"summary_large_image","twitter_misc":{"Tiempo de lectura":"1 minuto"},"schema":{"@context":"https:\/\/schema.org","@graph":[{"@type":"WebPage","@id":"https:\/\/sylq.io\/es\/productos\/","url":"https:\/\/sylq.io\/es\/productos\/","name":"Productos &#8211; Sylq","isPartOf":{"@id":"https:\/\/sylq.io\/es\/#website"},"primaryImageOfPage":{"@id":"https:\/\/sylq.io\/es\/productos\/#primaryimage"},"image":{"@id":"https:\/\/sylq.io\/es\/productos\/#primaryimage"},"thumbnailUrl":"https:\/\/sylq.io\/wp-content\/uploads\/2023\/03\/Sylq-Image02.jpg","datePublished":"2023-03-09T09:41:35+00:00","dateModified":"2023-09-05T13:14:14+00:00","breadcrumb":{"@id":"https:\/\/sylq.io\/es\/productos\/#breadcrumb"},"inLanguage":"es","potentialAction":[{"@type":"ReadAction","target":["https:\/\/sylq.io\/es\/productos\/"]}]},{"@type":"ImageObject","inLanguage":"es","@id":"https:\/\/sylq.io\/es\/productos\/#primaryimage","url":"https:\/\/sylq.io\/wp-content\/uploads\/2023\/03\/Sylq-Image02.jpg","contentUrl":"https:\/\/sylq.io\/wp-content\/uploads\/2023\/03\/Sylq-Image02.jpg","width":1200,"height":628},{"@type":"BreadcrumbList","@id":"https:\/\/sylq.io\/es\/productos\/#breadcrumb","itemListElement":[{"@type":"ListItem","position":1,"name":"Home","item":"https:\/\/sylq.io\/es\/inicio\/"},{"@type":"ListItem","position":2,"name":"Productos"}]},{"@type":"WebSite","@id":"https:\/\/sylq.io\/es\/#website","url":"https:\/\/sylq.io\/es\/","name":"Sylq","description":"All-in-one Merchant Payment Platform","publisher":{"@id":"https:\/\/sylq.io\/es\/#organization"},"potentialAction":[{"@type":"SearchAction","target":{"@type":"EntryPoint","urlTemplate":"https:\/\/sylq.io\/es\/?s={search_term_string}"},"query-input":{"@type":"PropertyValueSpecification","valueRequired":true,"valueName":"search_term_string"}}],"inLanguage":"es"},{"@type":"Organization","@id":"https:\/\/sylq.io\/es\/#organization","name":"Sylq","url":"https:\/\/sylq.io\/es\/","logo":{"@type":"ImageObject","inLanguage":"es","@id":"https:\/\/sylq.io\/es\/#\/schema\/logo\/image\/","url":"https:\/\/sylq.io\/wp-content\/uploads\/2023\/01\/cropped-logo-font-1.png","contentUrl":"https:\/\/sylq.io\/wp-content\/uploads\/2023\/01\/cropped-logo-font-1.png","width":460,"height":230,"caption":"Sylq"},"image":{"@id":"https:\/\/sylq.io\/es\/#\/schema\/logo\/image\/"}}]}},"_links":{"self":[{"href":"https:\/\/sylq.io\/es\/wp-json\/wp\/v2\/pages\/5297","targetHints":{"allow":["GET"]}}],"collection":[{"href":"https:\/\/sylq.io\/es\/wp-json\/wp\/v2\/pages"}],"about":[{"href":"https:\/\/sylq.io\/es\/wp-json\/wp\/v2\/types\/page"}],"author":[{"embeddable":true,"href":"https:\/\/sylq.io\/es\/wp-json\/wp\/v2\/users\/4"}],"replies":[{"embeddable":true,"href":"https:\/\/sylq.io\/es\/wp-json\/wp\/v2\/comments?post=5297"}],"version-history":[{"count":0,"href":"https:\/\/sylq.io\/es\/wp-json\/wp\/v2\/pages\/5297\/revisions"}],"wp:featuredmedia":[{"embeddable":true,"href":"https:\/\/sylq.io\/es\/wp-json\/wp\/v2\/media\/5270"}],"wp:attachment":[{"href":"https:\/\/sylq.io\/es\/wp-json\/wp\/v2\/media?parent=5297"}],"curies":[{"name":"wp","href":"https:\/\/api.w.org\/{rel}","templated":true}]}}